{"id":5043,"date":"2025-04-23T16:43:56","date_gmt":"2025-04-23T16:43:56","guid":{"rendered":"https:\/\/lefavole.es\/?page_id=5043"},"modified":"2025-04-30T07:18:04","modified_gmt":"2025-04-30T07:18:04","slug":"reservas2","status":"publish","type":"page","link":"https:\/\/lefavole.es\/nl\/reservas2\/","title":{"rendered":"RESERVERINGEN"},"content":{"rendered":"<div data-elementor-type=\"wp-page\" data-elementor-id=\"5043\" class=\"elementor elementor-5043\">\n\t\t\t\t\t\t<section class=\"elementor-section elementor-top-section elementor-element elementor-element-14d5ef5 eltdf-elementor-row-grid-section elementor-section-boxed elementor-section-height-default elementor-section-height-default eltdf-parallax-row-no eltdf-content-aligment-left eltdf-disabled-bg-image-bellow-no\" data-id=\"14d5ef5\" data-element_type=\"section\" data-e-type=\"section\">\n\t\t\t\t\t\t<div class=\"elementor-container elementor-column-gap-default\">\n\t\t\t\t\t<div class=\"elementor-column elementor-col-100 elementor-top-column elementor-element elementor-element-876c18f\" data-id=\"876c18f\" data-element_type=\"column\" data-e-type=\"column\">\n\t\t\t<div class=\"elementor-widget-wrap\">\n\t\t\t\t\t\t\t<\/div>\n\t\t<\/div>\n\t\t\t\t\t<\/div>\n\t\t<\/section>\n\t\t\t\t<section class=\"elementor-section elementor-top-section elementor-element elementor-element-4deaaee elementor-section-full_width elementor-section-height-default elementor-section-height-default eltdf-parallax-row-no eltdf-content-aligment-left eltdf-elementor-row-grid-no eltdf-disabled-bg-image-bellow-no\" data-id=\"4deaaee\" data-element_type=\"section\" data-e-type=\"section\">\n\t\t\t\t\t\t<div class=\"elementor-container elementor-column-gap-default\">\n\t\t\t\t\t<div class=\"elementor-column elementor-col-100 elementor-top-column elementor-element elementor-element-bd2ccde\" data-id=\"bd2ccde\" data-element_type=\"column\" data-e-type=\"column\">\n\t\t\t<div class=\"elementor-widget-wrap elementor-element-populated\">\n\t\t\t\t\t\t<div class=\"elementor-element elementor-element-7f11bf1 elementor-widget elementor-widget-eltdf_separator\" data-id=\"7f11bf1\" data-element_type=\"widget\" data-e-type=\"widget\" data-widget_type=\"eltdf_separator.default\">\n\t\t\t\t<div class=\"elementor-widget-container\">\n\t\t\t\t\t<div class=\"eltdf-separator-holder clearfix   eltdf-separator-full-width\">\n\t<div class=\"eltdf-separator\" style=\"border-color: #715B3E;width: ;border-bottom-width: 1px;margin-top: 0px;margin-bottom: 0px\"><\/div>\n<\/div>\n\t\t\t\t<\/div>\n\t\t\t\t<\/div>\n\t\t\t\t\t<\/div>\n\t\t<\/div>\n\t\t\t\t\t<\/div>\n\t\t<\/section>\n\t\t\t\t<section class=\"elementor-section elementor-top-section elementor-element elementor-element-6d83e66 eltdf-elementor-row-grid-section elementor-section-boxed elementor-section-height-default elementor-section-height-default eltdf-parallax-row-no eltdf-content-aligment-left eltdf-disabled-bg-image-bellow-no\" data-id=\"6d83e66\" data-element_type=\"section\" data-e-type=\"section\">\n\t\t\t\t\t\t<div class=\"elementor-container elementor-column-gap-custom\">\n\t\t\t\t\t<div class=\"elementor-column elementor-col-100 elementor-top-column elementor-element elementor-element-bdb34ff\" data-id=\"bdb34ff\" data-element_type=\"column\" data-e-type=\"column\">\n\t\t\t<div class=\"elementor-widget-wrap elementor-element-populated\">\n\t\t\t\t\t\t<div class=\"elementor-element elementor-element-c2b2f3b elementor-widget elementor-widget-text-editor\" data-id=\"c2b2f3b\" data-element_type=\"widget\" data-e-type=\"widget\" data-widget_type=\"text-editor.default\">\n\t\t\t\t<div class=\"elementor-widget-container\">\n\t\t\t\t\t\t\t\t\t<p style=\"text-align: center;\">Als je vragen hebt over boekingen, kun je contact opnemen met het volgende telefoonnummer\u00a0<br \/><a href=\"tel:+34961672630\">+34 961 672 630\u00a0<\/a><\/p>\t\t\t\t\t\t\t\t<\/div>\n\t\t\t\t<\/div>\n\t\t\t\t<div class=\"elementor-element elementor-element-caf9435 elementor-widget elementor-widget-text-editor\" data-id=\"caf9435\" data-element_type=\"widget\" data-e-type=\"widget\" data-widget_type=\"text-editor.default\">\n\t\t\t\t<div class=\"elementor-widget-container\">\n\t\t\t\t\t\t\t\t\tVanaf het moment van uw reservering beschikt u over 15 minuten beleefdheid. Na deze tijd staat uw reservering ter beschikking van het restaurant. Wees alstublieft punctueel. We accepteren alleen reserveringen voor lunch of diner (minimale consumptie van \u00e9\u00e9n gerecht per persoon), niet voor alleen een drankje. In dit geval moet je direct naar het restaurant gaan. <br><strong>Hartelijk dank<\/strong>.\t\t\t\t\t\t\t\t<\/div>\n\t\t\t\t<\/div>\n\t\t\t\t\t<\/div>\n\t\t<\/div>\n\t\t\t\t\t<\/div>\n\t\t<\/section>\n\t\t\t\t<section class=\"elementor-section elementor-top-section elementor-element elementor-element-d779cec eltdf-elementor-row-grid-section elementor-section-boxed elementor-section-height-default elementor-section-height-default eltdf-parallax-row-no eltdf-content-aligment-left eltdf-disabled-bg-image-bellow-no\" data-id=\"d779cec\" data-element_type=\"section\" data-e-type=\"section\">\n\t\t\t\t\t\t<div class=\"elementor-container elementor-column-gap-custom\">\n\t\t\t\t\t<div class=\"elementor-column elementor-col-100 elementor-top-column elementor-element elementor-element-43083d0\" data-id=\"43083d0\" data-element_type=\"column\" data-e-type=\"column\">\n\t\t\t<div class=\"elementor-widget-wrap elementor-element-populated\">\n\t\t\t\t\t\t<div class=\"elementor-element elementor-element-26ac74a elementor-widget elementor-widget-eltdf_tabs\" data-id=\"26ac74a\" data-element_type=\"widget\" data-e-type=\"widget\" data-widget_type=\"eltdf_tabs.default\">\n\t\t\t\t<div class=\"elementor-widget-container\">\n\t\t\t\t\t\n        <div class=\"eltdf-tabs  eltdf-tabs-standard\">\n            <ul class=\"eltdf-tabs-nav clearfix\">\n                                    <li>\n                                                    <a href=\"#tab-espanol\">Spaans<\/a>\n                                            <\/li>\n                                    <li>\n                                                    <a href=\"#tab-english\">Engels<\/a>\n                                            <\/li>\n                            <\/ul>\n\n            <div class=\"eltdf-tab-container\" id=\"tab-espanol-822\"><script type=\"text\/javascript\" src=\"https:\/\/www.covermanager.com\/js\/iframeResizer.min.js\"><span data-mce-type=\"bookmark\" style=\"display: inline-block; width: 0px; overflow: hidden; line-height: 0;\" class=\"mce_SELRES_start\">\ufeff<\/span><span data-mce-type=\"bookmark\" style=\"display: inline-block; width: 0px; overflow: hidden; line-height: 0;\" class=\"mce_SELRES_start\">\ufeff<\/span><\/script><iframe id=\"restaurante-le-favole\" title=\"Reserveringen\" src=\"https:\/\/www.covermanager.com\/reservation\/module_restaurant\/restaurante-le-favole\/spanish\" width=\"100%\" height=\"750\" frameborder=\"0\"><\/iframe><\/div><div class=\"eltdf-tab-container\" id=\"tab-english-178\"><script type=\"text\/javascript\" src=\"https:\/\/www.covermanager.com\/js\/iframeResizer.min.js\"><span data-mce-type=\"bookmark\" style=\"display: inline-block; width: 0px; overflow: hidden; line-height: 0;\" class=\"mce_SELRES_start\">\ufeff<\/span><span data-mce-type=\"bookmark\" style=\"display: inline-block; width: 0px; overflow: hidden; line-height: 0;\" class=\"mce_SELRES_start\">\ufeff<\/span><\/script><iframe id=\"restaurante-le-favole\" title=\"Reserveringen\" src=\"https:\/\/www.covermanager.com\/reservation\/module_restaurant\/restaurante-le-favole\/english\" width=\"100%\" height=\"750\" frameborder=\"0\"><\/iframe><\/div>\n        <\/div>\n        \t\t\t\t<\/div>\n\t\t\t\t<\/div>\n\t\t\t\t\t<\/div>\n\t\t<\/div>\n\t\t\t\t\t<\/div>\n\t\t<\/section>\n\t\t\t\t<section class=\"elementor-section elementor-top-section elementor-element elementor-element-c923390 eltdf-elementor-row-grid-section elementor-section-boxed elementor-section-height-default elementor-section-height-default eltdf-parallax-row-no eltdf-content-aligment-left eltdf-disabled-bg-image-bellow-no\" data-id=\"c923390\" data-element_type=\"section\" data-e-type=\"section\">\n\t\t\t\t\t\t<div class=\"elementor-container elementor-column-gap-custom\">\n\t\t\t\t\t<div class=\"elementor-column elementor-col-100 elementor-top-column elementor-element elementor-element-1731b0a\" data-id=\"1731b0a\" data-element_type=\"column\" data-e-type=\"column\">\n\t\t\t<div class=\"elementor-widget-wrap elementor-element-populated\">\n\t\t\t\t\t\t<div class=\"elementor-element elementor-element-942fee9 elementor-widget elementor-widget-text-editor\" data-id=\"942fee9\" data-element_type=\"widget\" data-e-type=\"widget\" data-widget_type=\"text-editor.default\">\n\t\t\t\t<div class=\"elementor-widget-container\">\n\t\t\t\t\t\t\t\t\t<p>Als je niet beschikbaar bent op de dag dat je wilt komen, kun je een reservering maken bij een van onze andere restaurants.<\/p>\t\t\t\t\t\t\t\t<\/div>\n\t\t\t\t<\/div>\n\t\t\t\t<div class=\"elementor-element elementor-element-7adbadf elementor-align-justify elementor-widget elementor-widget-button\" data-id=\"7adbadf\" data-element_type=\"widget\" data-e-type=\"widget\" data-widget_type=\"button.default\">\n\t\t\t\t<div class=\"elementor-widget-container\">\n\t\t\t\t\t\t\t\t\t<div class=\"elementor-button-wrapper\">\n\t\t\t\t\t<a class=\"elementor-button elementor-button-link elementor-size-sm\" href=\"https:\/\/lapizza.es\/es\/reservas2\/\">\n\t\t\t\t\t\t<span class=\"elementor-button-content-wrapper\">\n\t\t\t\t\t\t\t\t\t<span class=\"elementor-button-text\">Reserveren bij La Pizza<\/span>\n\t\t\t\t\t<\/span>\n\t\t\t\t\t<\/a>\n\t\t\t\t<\/div>\n\t\t\t\t\t\t\t\t<\/div>\n\t\t\t\t<\/div>\n\t\t\t\t\t<\/div>\n\t\t<\/div>\n\t\t\t\t\t<\/div>\n\t\t<\/section>\n\t\t\t\t<\/div>","protected":false},"excerpt":{"rendered":"<p>Para cualquier incidencia en las reservas pueden contactar con el tel\u00e9fono\u00a0+34 961 672 630\u00a0 Desde la hora de su reserva dispondr\u00e1 de 15 minutos de cortes\u00eda. Pasado este tiempo su reserva quedar\u00e1 a disposici\u00f3n del restaurante. Por favor, rogamos puntualidad. [&hellip;]<\/p>\n","protected":false},"author":1,"featured_media":0,"parent":0,"menu_order":0,"comment_status":"closed","ping_status":"closed","template":"","meta":{"footnotes":""},"class_list":["post-5043","page","type-page","status-publish","hentry"],"aioseo_notices":[],"_links":{"self":[{"href":"https:\/\/lefavole.es\/nl\/wp-json\/wp\/v2\/pages\/5043","targetHints":{"allow":["GET"]}}],"collection":[{"href":"https:\/\/lefavole.es\/nl\/wp-json\/wp\/v2\/pages"}],"about":[{"href":"https:\/\/lefavole.es\/nl\/wp-json\/wp\/v2\/types\/page"}],"author":[{"embeddable":true,"href":"https:\/\/lefavole.es\/nl\/wp-json\/wp\/v2\/users\/1"}],"replies":[{"embeddable":true,"href":"https:\/\/lefavole.es\/nl\/wp-json\/wp\/v2\/comments?post=5043"}],"version-history":[{"count":14,"href":"https:\/\/lefavole.es\/nl\/wp-json\/wp\/v2\/pages\/5043\/revisions"}],"predecessor-version":[{"id":5271,"href":"https:\/\/lefavole.es\/nl\/wp-json\/wp\/v2\/pages\/5043\/revisions\/5271"}],"wp:attachment":[{"href":"https:\/\/lefavole.es\/nl\/wp-json\/wp\/v2\/media?parent=5043"}],"curies":[{"name":"wp","href":"https:\/\/api.w.org\/{rel}","templated":true}]}}